{"id":608,"date":"2019-01-23T13:43:26","date_gmt":"2019-01-23T13:43:26","guid":{"rendered":"https:\/\/myndipesula.eu\/et\/?page_id=608"},"modified":"2019-02-07T14:20:55","modified_gmt":"2019-02-07T14:20:55","slug":"mundipesula","status":"publish","type":"page","link":"https:\/\/myndipesula.eu\/et\/mundipesula\/","title":{"rendered":"M\u00fcndipesula"},"content":{"rendered":"<section class=\"wpb-content-wrapper\"><p>[vc_row][vc_column][vc_row_inner][vc_column_inner width=&#8221;1\/6&#8243;][\/vc_column_inner][vc_column_inner width=&#8221;2\/3&#8243;]\t\t\t<link rel=\"stylesheet\" id=\"wd-list-css\" href=\"https:\/\/myndipesula.eu\/wp-content\/themes\/woodmart\/woodmart\/css\/parts\/el-list.min.css?ver=7.2.4\" type=\"text\/css\" media=\"all\" \/> \t\t\t\n\t\t<ul class=\" wd-rs-5c50c47fd0bf0 wd-list wd-wpb color-scheme- wd-fontsize-m wd-list-type-icon wd-list-style-default wd-justify-left \" id=\"wd-5c50c47fd0bf0\">\n\t\t\t\t\t\t\t\t\t\t\t<li>\n\t\t\t\t\t<span class=\"list-icon fa fa-check\"><\/span>\n\t\t\t\t\t<span class=\"list-content\">M\u00fcndipesula \u2013 see on \u00fcks populaarsemaid iseteenindavate autopesulate v\u00f5rgustikke Eestis.<\/span>\n\t\t\t\t\t\t\t\t\t<\/li>\n\t\t\t\t\t\t\t\t\t\t\t<li>\n\t\t\t\t\t<span class=\"list-icon fa fa-check\"><\/span>\n\t\t\t\t\t<span class=\"list-content\">M\u00fcndipesula \u2013 see on mugav! M\u00fcndipesula eristub oma konkurentide taustal soodsalt<\/span>\n\t\t\t\t\t\t\t\t\t<\/li>\n\t\t\t\t\t\t\t\t\t\t\t<li>\n\t\t\t\t\t<span class=\"list-icon fa fa-check\"><\/span>\n\t\t\t\t\t<span class=\"list-content\">M\u00fcndipesula \u2013 see on soodne! 3-4 euro eest v\u00f5ite puhtaks pesta isegi k\u00f5ige m\u00e4\u00e4rdunuma auto ja panna selle s\u00e4rama!<\/span>\n\t\t\t\t\t\t\t\t\t<\/li>\n\t\t\t\t\t\t\t\t\t\t\t<li>\n\t\t\t\t\t<span class=\"list-icon fa fa-check\"><\/span>\n\t\t\t\t\t<span class=\"list-content\">M\u00fcndipesula \u2013 see on kiire! M\u00fcndipesula pesulad v\u00f5ivad t\u00e4nu suurele bokside arvule teenindada suuremat arvu autosid. N\u00e4iteks: te saabusite Rocca Al Mare pesulasse, k\u00f5ik boksid on h\u00f5ivatud ja teie ees on veel 2 autot. Teie ooteaeg on umbes 5-7 minutit, p\u00e4rast seda on teil v\u00f5imalik oma auto pesemist alustada.<\/span>\n\t\t\t\t\t\t\t\t\t<\/li>\n\t\t\t\t\t<\/ul>\n\t\t[\/vc_column_inner][vc_column_inner width=&#8221;1\/6&#8243;][\/vc_column_inner][\/vc_row_inner][\/vc_column][\/vc_row][vc_row mobile_bg_img_hidden=&#8221;no&#8221; woodmart_parallax=&#8221;0&#8243; woodmart_gradient_switch=&#8221;no&#8221; row_reverse_mobile=&#8221;0&#8243; row_reverse_tablet=&#8221;0&#8243; woodmart_disable_overflow=&#8221;0&#8243;][vc_column][vc_empty_space height=&#8221;16px&#8221; woodmart_hide_large=&#8221;0&#8243; woodmart_hide_medium=&#8221;0&#8243; woodmart_hide_small=&#8221;0&#8243; woodmart_hide_extra_small=&#8221;0&#8243;][vc_zigzag el_border_width=&#8221;8&#8243;][vc_empty_space height=&#8221;16px&#8221; woodmart_hide_large=&#8221;0&#8243; woodmart_hide_medium=&#8221;0&#8243; woodmart_hide_small=&#8221;0&#8243; woodmart_hide_extra_small=&#8221;0&#8243;]\t\t\t<link rel=\"stylesheet\" id=\"wd-section-title-css\" href=\"https:\/\/myndipesula.eu\/wp-content\/themes\/woodmart\/woodmart\/css\/parts\/el-section-title.min.css?ver=7.2.4\" type=\"text\/css\" media=\"all\" \/> \t\t\t\t\t\t<link rel=\"stylesheet\" id=\"wd-mod-highlighted-text-css\" href=\"https:\/\/myndipesula.eu\/wp-content\/themes\/woodmart\/woodmart\/css\/parts\/mod-highlighted-text.min.css?ver=7.2.4\" type=\"text\/css\" media=\"all\" \/> \t\t\t\n\t\t<div id=\"wd-5c51f36747177\" class=\"title-wrapper wd-wpb set-mb-s reset-last-child  wd-rs-5c51f36747177 wd-title-color-default wd-title-style-default text-center  wd-underline-colored\">\n\t\t\t\n\t\t\t<div class=\"liner-continer\">\n\t\t\t\t<h2 class=\"woodmart-title-container title  wd-font-weight-600 wd-fontsize-xxl\" >MIKS KLIENDID VALIVAD M\u00dcNDIPESULA?<\/h2>\n\t\t\t\t\t\t\t<\/div>\n\t\t\t\n\t\t\t\n\t\t\t\n\t\t<\/div>\n\t\t\n\t\t[vc_empty_space height=&#8221;16px&#8221; woodmart_hide_large=&#8221;0&#8243; woodmart_hide_medium=&#8221;0&#8243; woodmart_hide_small=&#8221;0&#8243; woodmart_hide_extra_small=&#8221;0&#8243;][\/vc_column][\/vc_row][vc_row][vc_column width=&#8221;1\/4&#8243;]\t\t\t<link rel=\"stylesheet\" id=\"wd-info-box-css\" href=\"https:\/\/myndipesula.eu\/wp-content\/themes\/woodmart\/woodmart\/css\/parts\/el-info-box.min.css?ver=7.2.4\" type=\"text\/css\" media=\"all\" \/> \t\t\t\t\t\t<div class=\"info-box-wrapper\">\n\t\t\t\t<div id=\"wd-5c51f8003c3ea\" class=\" wd-rs-5c51f8003c3ea wd-info-box wd-wpb text-center box-icon-align-top box-style- color-scheme- wd-bg-none \"  >\n\t\t\t\t\t\t\t\t\t\t\t<div class=\"box-icon-wrapper  box-with-icon box-icon-with-border\">\n\t\t\t\t\t\t\t<div class=\"info-box-icon\">\n\n\t\t\t\t\t\t\t\n\t\t\t\t\t\t\t\t\t\t\t\t\t\t\t\t\t<img class=\"info-icon image-1 \" src=\"https:\/\/myndipesula.eu\/wp-content\/uploads\/2019\/01\/icoweather.png\" width=\"64\" height=\"64\" alt=\"icoweather\" title=\"icoweather\" \/>\t\t\t\t\t\t\t\t\t\t\t\t\t\t\t\n\t\t\t\t\t\t\t<\/div>\n\t\t\t\t\t\t<\/div>\n\t\t\t\t\t\t\t\t\t\t<div class=\"info-box-content\">\n\t\t\t\t\t\t<p class=\"info-box-title title wd-font-weight-600 box-title-style-default wd-fontsize-xl\">KOHANDATUD<br \/>\nEESTI KLIIMAGA<\/p>\t\t\t\t\t\t<div class=\"info-box-inner set-cont-mb-s reset-last-child\">\n\t\t\t\t\t\t\t<\/p>\n<p style=\"text-align: center;\">Pikaaegse testimise tulemusel oleme valinud UNIKAALSE keemiliste pesuainete koostise, mis sobib spetsiaalselt Eesti karmidesse ilmastikuoludesse!.<\/p>\n<p>\n\t\t\t\t\t\t<\/div>\n\n\t\t\t\t\t\t\t\t\t\t\t<\/div>\n\n\t\t\t\t\t<style>#wd-5c51f8003c3ea .info-box-icon {background-color:  !important;}#wd-5c51f8003c3ea:hover .info-box-icon{background-color:  !important;}<\/style>\t\t\t\t<\/div>\n\t\t\t<\/div>\n\t\t[\/vc_column][vc_column width=&#8221;1\/4&#8243;]\t\t\t<div class=\"info-box-wrapper\">\n\t\t\t\t<div id=\"wd-5c51f89ec525b\" class=\" wd-rs-5c51f89ec525b wd-info-box wd-wpb text-center box-icon-align-top box-style- color-scheme- wd-bg-none \"  >\n\t\t\t\t\t\t\t\t\t\t\t<div class=\"box-icon-wrapper  box-with-icon box-icon-with-border\">\n\t\t\t\t\t\t\t<div class=\"info-box-icon\">\n\n\t\t\t\t\t\t\t\n\t\t\t\t\t\t\t\t\t\t\t\t\t\t\t\t\t<img class=\"info-icon image-1 \" src=\"https:\/\/myndipesula.eu\/wp-content\/uploads\/2019\/01\/ico_eco.png\" width=\"64\" height=\"64\" alt=\"ico_eco\" title=\"ico_eco\" \/>\t\t\t\t\t\t\t\t\t\t\t\t\t\t\t\n\t\t\t\t\t\t\t<\/div>\n\t\t\t\t\t\t<\/div>\n\t\t\t\t\t\t\t\t\t\t<div class=\"info-box-content\">\n\t\t\t\t\t\t<p class=\"info-box-title title wd-font-weight-600 box-title-style-default wd-fontsize-xl\">KESKKONNAS\u00d5BRALIK<br \/>\nAUTOPESULA<\/p>\t\t\t\t\t\t<div class=\"info-box-inner set-cont-mb-s reset-last-child\">\n\t\t\t\t\t\t\t<\/p>\n<p style=\"text-align: center;\">Kasutame ainult biolagunevaid kemikaale, mis on keskkonnale kahjutud!<\/p>\n<p style=\"text-align: center;\">Need tooted vastavad k\u00f5igile Euroopa ohutusstandarditele!<\/p>\n<p>\n\t\t\t\t\t\t<\/div>\n\n\t\t\t\t\t\t\t\t\t\t\t<\/div>\n\n\t\t\t\t\t<style>#wd-5c51f89ec525b .info-box-icon {background-color:  !important;}#wd-5c51f89ec525b:hover .info-box-icon{background-color:  !important;}<\/style>\t\t\t\t<\/div>\n\t\t\t<\/div>\n\t\t[\/vc_column][vc_column width=&#8221;1\/4&#8243;]\t\t\t<div class=\"info-box-wrapper\">\n\t\t\t\t<div id=\"wd-5c51f8711e98f\" class=\" wd-rs-5c51f8711e98f wd-info-box wd-wpb text-center box-icon-align-top box-style- color-scheme- wd-bg-none \"  >\n\t\t\t\t\t\t\t\t\t\t\t<div class=\"box-icon-wrapper  box-with-icon box-icon-with-border\">\n\t\t\t\t\t\t\t<div class=\"info-box-icon\">\n\n\t\t\t\t\t\t\t\n\t\t\t\t\t\t\t\t\t\t\t\t\t\t\t\t\t<img class=\"info-icon image-1 \" src=\"https:\/\/myndipesula.eu\/wp-content\/uploads\/2019\/01\/ico_process.png\" width=\"64\" height=\"64\" alt=\"ico_process\" title=\"ico_process\" \/>\t\t\t\t\t\t\t\t\t\t\t\t\t\t\t\n\t\t\t\t\t\t\t<\/div>\n\t\t\t\t\t\t<\/div>\n\t\t\t\t\t\t\t\t\t\t<div class=\"info-box-content\">\n\t\t\t\t\t\t<p class=\"info-box-title title wd-font-weight-600 box-title-style-default wd-fontsize-xl\">TEHNOLOOGILISTE PROTSESSIDE J\u00c4RGIMINE<\/p>\t\t\t\t\t\t<div class=\"info-box-inner set-cont-mb-s reset-last-child\">\n\t\t\t\t\t\t\t<\/p>\n<p style=\"text-align: center;\">M\u00fcndipesula pesulad p\u00f6\u00f6ravad erilist t\u00e4helepanu tehnoloogiliste protsesside j\u00e4rgimisele. Pesu kvaliteet s\u00f5ltub veest, temperatuurist, ajast, mehaanilisest toimest ja keemiast. Meie pesulates v\u00f5etakse neid tegureid peaaegu t\u00e4iuslikult arvesse.<\/p>\n<p>\n\t\t\t\t\t\t<\/div>\n\n\t\t\t\t\t\t\t\t\t\t\t<\/div>\n\n\t\t\t\t\t<style>#wd-5c51f8711e98f .info-box-icon {background-color:  !important;}#wd-5c51f8711e98f:hover .info-box-icon{background-color:  !important;}<\/style>\t\t\t\t<\/div>\n\t\t\t<\/div>\n\t\t[\/vc_column][vc_column width=&#8221;1\/4&#8243;]\t\t\t<div class=\"info-box-wrapper\">\n\t\t\t\t<div id=\"wd-5c51f8aa3de8a\" class=\" wd-rs-5c51f8aa3de8a wd-info-box wd-wpb text-center box-icon-align-top box-style- color-scheme- wd-bg-none \"  >\n\t\t\t\t\t\t\t\t\t\t\t<div class=\"box-icon-wrapper  box-with-icon box-icon-with-border\">\n\t\t\t\t\t\t\t<div class=\"info-box-icon\">\n\n\t\t\t\t\t\t\t\n\t\t\t\t\t\t\t\t\t\t\t\t\t\t\t\t\t<img class=\"info-icon image-1 \" src=\"https:\/\/myndipesula.eu\/wp-content\/uploads\/2019\/01\/ico_match.png\" width=\"64\" height=\"64\" alt=\"ico_match\" title=\"ico_match\" \/>\t\t\t\t\t\t\t\t\t\t\t\t\t\t\t\n\t\t\t\t\t\t\t<\/div>\n\t\t\t\t\t\t<\/div>\n\t\t\t\t\t\t\t\t\t\t<div class=\"info-box-content\">\n\t\t\t\t\t\t<p class=\"info-box-title title wd-font-weight-600 box-title-style-default wd-fontsize-xl\">AUTO ERI SAASTE \u2013 OMA V\u00c4RVI KEEMIA<\/p>\t\t\t\t\t\t<div class=\"info-box-inner set-cont-mb-s reset-last-child\">\n\t\t\t\t\t\t\t<\/p>\n<p style=\"text-align: center;\">Auto erineva saaste jaoks oma v\u00e4rvi keemia! M\u00fcndipesula on ainus iseteenindavate pesulate v\u00f5rk, mis kasutab auto erineva saaste\u00a0pesemiseks eri v\u00e4rve, ning iga protsessi jaoks on valitud toote erinev keemiline koostis. N\u00e4iteks, kilpide eelnevaks leotuseks on valitud rohelist tooni keemia, kere eelpesu funktsiooniks aga punast tooni keemia!<\/p>\n<p>\n\t\t\t\t\t\t<\/div>\n\n\t\t\t\t\t\t\t\t\t\t\t<\/div>\n\n\t\t\t\t\t<style>#wd-5c51f8aa3de8a .info-box-icon {background-color:  !important;}#wd-5c51f8aa3de8a:hover .info-box-icon{background-color:  !important;}<\/style>\t\t\t\t<\/div>\n\t\t\t<\/div>\n\t\t[\/vc_column][\/vc_row][vc_row][vc_column][vc_zigzag el_border_width=&#8221;8&#8243;][vc_empty_space woodmart_hide_large=&#8221;0&#8243; woodmart_hide_medium=&#8221;0&#8243; woodmart_hide_small=&#8221;0&#8243; woodmart_hide_extra_small=&#8221;0&#8243;]\n\t\t<div id=\"wd-5c51f77fc6e30\" class=\"title-wrapper wd-wpb set-mb-s reset-last-child  wd-rs-5c51f77fc6e30 wd-title-color-default wd-title-style-default text-center  wd-underline-colored\">\n\t\t\t\n\t\t\t<div class=\"liner-continer\">\n\t\t\t\t<h2 class=\"woodmart-title-container title  wd-font-weight-600 wd-fontsize-xxl\" >TULEMUSENA<\/h2>\n\t\t\t\t\t\t\t<\/div>\n\t\t\t\n\t\t\t\n\t\t\t\n\t\t<\/div>\n\t\t\n\t\t[vc_empty_space height=&#8221;16px&#8221; woodmart_hide_large=&#8221;0&#8243; woodmart_hide_medium=&#8221;0&#8243; woodmart_hide_small=&#8221;0&#8243; woodmart_hide_extra_small=&#8221;0&#8243;][\/vc_column][\/vc_row][vc_row][vc_column width=&#8221;1\/3&#8243;]\t\t\t<div class=\"info-box-wrapper\">\n\t\t\t\t<div id=\"wd-5c51f78bc226f\" class=\" wd-rs-5c51f78bc226f wd-info-box wd-wpb text-center box-icon-align-top box-style- color-scheme- wd-bg-none \"  >\n\t\t\t\t\t\t\t\t\t\t\t<div class=\"box-icon-wrapper  box-with-icon box-icon-with-border\">\n\t\t\t\t\t\t\t<div class=\"info-box-icon\">\n\n\t\t\t\t\t\t\t\n\t\t\t\t\t\t\t\t\t\t\t\t\t\t\t\t\t<img class=\"info-icon image-1 \" src=\"https:\/\/myndipesula.eu\/wp-content\/uploads\/2019\/01\/ico_wash.png\" width=\"64\" height=\"64\" alt=\"ico_wash\" title=\"ico_wash\" \/>\t\t\t\t\t\t\t\t\t\t\t\t\t\t\t\n\t\t\t\t\t\t\t<\/div>\n\t\t\t\t\t\t<\/div>\n\t\t\t\t\t\t\t\t\t\t<div class=\"info-box-content\">\n\t\t\t\t\t\t<h4 class=\"info-box-title title wd-font-weight-600 box-title-style-default wd-fontsize-xl\">TEIL ON<br \/>\nPUHAS AUTO<\/h4>\t\t\t\t\t\t<div class=\"info-box-inner set-cont-mb-s reset-last-child\">\n\t\t\t\t\t\t\t\t\t\t\t\t\t<\/div>\n\n\t\t\t\t\t\t\t\t\t\t\t<\/div>\n\n\t\t\t\t\t<style>#wd-5c51f78bc226f .info-box-icon {background-color:  !important;}<\/style>\t\t\t\t<\/div>\n\t\t\t<\/div>\n\t\t[\/vc_column][vc_column width=&#8221;1\/3&#8243;]\t\t\t<div class=\"info-box-wrapper\">\n\t\t\t\t<div id=\"wd-5c51f798871e0\" class=\" wd-rs-5c51f798871e0 wd-info-box wd-wpb text-center box-icon-align-top box-style- color-scheme- wd-bg-none \"  >\n\t\t\t\t\t\t\t\t\t\t\t<div class=\"box-icon-wrapper  box-with-icon box-icon-with-border\">\n\t\t\t\t\t\t\t<div class=\"info-box-icon\">\n\n\t\t\t\t\t\t\t\n\t\t\t\t\t\t\t\t\t\t\t\t\t\t\t\t\t<img class=\"info-icon image-1 \" src=\"https:\/\/myndipesula.eu\/wp-content\/uploads\/2019\/01\/ico_save.png\" width=\"64\" height=\"64\" alt=\"ico_save\" title=\"ico_save\" \/>\t\t\t\t\t\t\t\t\t\t\t\t\t\t\t\n\t\t\t\t\t\t\t<\/div>\n\t\t\t\t\t\t<\/div>\n\t\t\t\t\t\t\t\t\t\t<div class=\"info-box-content\">\n\t\t\t\t\t\t<h4 class=\"info-box-title title wd-font-weight-600 box-title-style-default wd-fontsize-xl\">PESTUD<br \/>\nKIIRESTI JA SOODSALT<\/h4>\t\t\t\t\t\t<div class=\"info-box-inner set-cont-mb-s reset-last-child\">\n\t\t\t\t\t\t\t\t\t\t\t\t\t<\/div>\n\n\t\t\t\t\t\t\t\t\t\t\t<\/div>\n\n\t\t\t\t\t<style>#wd-5c51f798871e0 .info-box-icon {background-color:  !important;}<\/style>\t\t\t\t<\/div>\n\t\t\t<\/div>\n\t\t[\/vc_column][vc_column width=&#8221;1\/3&#8243;]\t\t\t<div class=\"info-box-wrapper\">\n\t\t\t\t<div id=\"wd-5c51f7a0269ba\" class=\" wd-rs-5c51f7a0269ba wd-info-box wd-wpb text-center box-icon-align-top box-style- color-scheme- wd-bg-none \"  >\n\t\t\t\t\t\t\t\t\t\t\t<div class=\"box-icon-wrapper  box-with-icon box-icon-with-border\">\n\t\t\t\t\t\t\t<div class=\"info-box-icon\">\n\n\t\t\t\t\t\t\t\n\t\t\t\t\t\t\t\t\t\t\t\t\t\t\t\t\t<img class=\"info-icon image-1 \" src=\"https:\/\/myndipesula.eu\/wp-content\/uploads\/2019\/01\/ico_smile.png\" width=\"64\" height=\"64\" alt=\"ico_smile\" title=\"ico_smile\" \/>\t\t\t\t\t\t\t\t\t\t\t\t\t\t\t\n\t\t\t\t\t\t\t<\/div>\n\t\t\t\t\t\t<\/div>\n\t\t\t\t\t\t\t\t\t\t<div class=\"info-box-content\">\n\t\t\t\t\t\t<h4 class=\"info-box-title title wd-font-weight-600 box-title-style-default wd-fontsize-xl\">HEA TUJU JA SILMAR\u00d5\u00d5M<br \/>\nOMA ENDA SAAVUTUSTEST!<\/h4>\t\t\t\t\t\t<div class=\"info-box-inner set-cont-mb-s reset-last-child\">\n\t\t\t\t\t\t\t\t\t\t\t\t\t<\/div>\n\n\t\t\t\t\t\t\t\t\t\t\t<\/div>\n\n\t\t\t\t\t<style>#wd-5c51f7a0269ba .info-box-icon {background-color:  !important;}<\/style>\t\t\t\t<\/div>\n\t\t\t<\/div>\n\t\t[\/vc_column][\/vc_row]<\/p>\n<\/section>","protected":false},"excerpt":{"rendered":"<p>[vc_row][vc_column][vc_row_inner][vc_column_inner width=&#8221;1\/6&#8243;][\/vc_column_inner][vc_column_inner width=&#8221;2\/3&#8243;][\/vc_column_inner][vc_column_inner width=&#8221;1\/6&#8243;][\/vc_column_inner][\/vc_row_inner][\/vc_column][\/vc_row][vc_row mobile_bg_img_hidden=&#8221;no&#8221; woodmart_parallax=&#8221;0&#8243; woodmart_gradient_switch=&#8221;no&#8221; row_reverse_mobile=&#8221;0&#8243; row_reverse_tablet=&#8221;0&#8243; woodmart_disable_overflow=&#8221;0&#8243;][vc_column][vc_empty_space height=&#8221;16px&#8221; woodmart_hide_large=&#8221;0&#8243; woodmart_hide_medium=&#8221;0&#8243; woodmart_hide_small=&#8221;0&#8243; woodmart_hide_extra_small=&#8221;0&#8243;][vc_zigzag el_border_width=&#8221;8&#8243;][vc_empty_space height=&#8221;16px&#8221; woodmart_hide_large=&#8221;0&#8243; woodmart_hide_medium=&#8221;0&#8243; woodmart_hide_small=&#8221;0&#8243;<\/p>\n","protected":false},"author":1,"featured_media":0,"parent":0,"menu_order":0,"comment_status":"closed","ping_status":"closed","template":"","meta":{"_mi_skip_tracking":false,"_monsterinsights_sitenote_active":false,"_monsterinsights_sitenote_note":"","_monsterinsights_sitenote_category":0},"_links":{"self":[{"href":"https:\/\/myndipesula.eu\/et\/wp-json\/wp\/v2\/pages\/608"}],"collection":[{"href":"https:\/\/myndipesula.eu\/et\/wp-json\/wp\/v2\/pages"}],"about":[{"href":"https:\/\/myndipesula.eu\/et\/wp-json\/wp\/v2\/types\/page"}],"author":[{"embeddable":true,"href":"https:\/\/myndipesula.eu\/et\/wp-json\/wp\/v2\/users\/1"}],"replies":[{"embeddable":true,"href":"https:\/\/myndipesula.eu\/et\/wp-json\/wp\/v2\/comments?post=608"}],"version-history":[{"count":0,"href":"https:\/\/myndipesula.eu\/et\/wp-json\/wp\/v2\/pages\/608\/revisions"}],"wp:attachment":[{"href":"https:\/\/myndipesula.eu\/et\/wp-json\/wp\/v2\/media?parent=608"}],"curies":[{"name":"wp","href":"https:\/\/api.w.org\/{rel}","templated":true}]}}